{"id":15126,"date":"2026-04-06T10:37:38","date_gmt":"2026-04-06T07:37:38","guid":{"rendered":"https:\/\/carel.md\/product\/pijama-6\/"},"modified":"2026-04-06T10:37:38","modified_gmt":"2026-04-06T07:37:38","slug":"pijama-6","status":"publish","type":"product","link":"https:\/\/carel.md\/ro\/produs\/pijama-6\/","title":{"rendered":"Pijama"},"content":{"rendered":"<p>Pijamale imprimate pentru copii. Partea de sus este un tricou alb cu m\u00e2nec\u0103 lung\u0103 \u0219i imprimeu. Partea de jos sunt pantaloni de culoare \u00eenchis\u0103, cre\u00e2nd un contrast izbitor cu partea de sus alb\u0103.<\/p>\n","protected":false},"excerpt":{"rendered":"<p>Pijamale imprimate pentru copii. Partea de sus este un tricou alb cu m\u00e2nec\u0103 lung\u0103 \u0219i imprimeu. Partea de jos sunt<\/p>\n","protected":false},"featured_media":15118,"comment_status":"closed","ping_status":"closed","template":"","meta":{"inline_featured_image":false},"product_brand":[],"product_cat":[172,236],"product_tag":[],"class_list":{"0":"post-15126","1":"product","2":"type-product","3":"status-publish","4":"has-post-thumbnail","6":"product_cat-baieti","7":"product_cat-pijamale","9":"first","10":"instock","11":"shipping-taxable","12":"purchasable","13":"product-type-variable"},"yoast_head":"<!-- This site is optimized with the Yoast SEO plugin v27.2 - https:\/\/yoast.com\/product\/yoast-seo-wordpress\/ -->\n<title>Pijama - Carel<\/title>\n<meta name=\"description\" content=\"Pijamale imprimate pentru copii. Partea de sus este un tricou alb cu m\u00e2nec\u0103 lung\u0103 \u0219i imprimeu. Partea de jos sunt pantaloni de culoare \u00eenchis\u0103, cre\u00e2nd un contrast izbitor cu partea de sus alb\u0103.\" \/>\n<meta name=\"robots\" content=\"index, follow, max-snippet:-1, max-image-preview:large, max-video-preview:-1\" \/>\n<link rel=\"canonical\" href=\"https:\/\/carel.md\/ro\/produs\/pijama-6\/\" \/>\n<meta property=\"og:locale\" content=\"ro_RO\" \/>\n<meta property=\"og:type\" content=\"article\" \/>\n<meta property=\"og:title\" content=\"Pijama - Carel\" \/>\n<meta property=\"og:description\" content=\"Pijamale imprimate pentru copii. Partea de sus este un tricou alb cu m\u00e2nec\u0103 lung\u0103 \u0219i imprimeu. Partea de jos sunt pantaloni de culoare \u00eenchis\u0103, cre\u00e2nd un contrast izbitor cu partea de sus alb\u0103.\" \/>\n<meta property=\"og:url\" content=\"https:\/\/carel.md\/ro\/produs\/pijama-6\/\" \/>\n<meta property=\"og:site_name\" content=\"Carel\" \/>\n<meta property=\"og:image\" content=\"https:\/\/carel.md\/wp-content\/uploads\/2026\/04\/385-3.jpg\" \/>\n\t<meta property=\"og:image:width\" content=\"1200\" \/>\n\t<meta property=\"og:image:height\" content=\"1200\" \/>\n\t<meta property=\"og:image:type\" content=\"image\/jpeg\" \/>\n<meta name=\"twitter:card\" content=\"summary_large_image\" \/>\n<script type=\"application\/ld+json\" class=\"yoast-schema-graph\">{\"@context\":\"https:\/\/schema.org\",\"@graph\":[{\"@type\":\"WebPage\",\"@id\":\"https:\/\/carel.md\/ro\/produs\/pijama-6\/\",\"url\":\"https:\/\/carel.md\/ro\/produs\/pijama-6\/\",\"name\":\"Pijama - Carel\",\"isPartOf\":{\"@id\":\"https:\/\/carel.md\/ro\/#website\"},\"primaryImageOfPage\":{\"@id\":\"https:\/\/carel.md\/ro\/produs\/pijama-6\/#primaryimage\"},\"image\":{\"@id\":\"https:\/\/carel.md\/ro\/produs\/pijama-6\/#primaryimage\"},\"thumbnailUrl\":\"https:\/\/carel.md\/wp-content\/uploads\/2026\/04\/385-3.jpg\",\"datePublished\":\"2026-04-06T07:37:38+00:00\",\"description\":\"Pijamale imprimate pentru copii. Partea de sus este un tricou alb cu m\u00e2nec\u0103 lung\u0103 \u0219i imprimeu. Partea de jos sunt pantaloni de culoare \u00eenchis\u0103, cre\u00e2nd un contrast izbitor cu partea de sus alb\u0103.\",\"breadcrumb\":{\"@id\":\"https:\/\/carel.md\/ro\/produs\/pijama-6\/#breadcrumb\"},\"inLanguage\":\"ro-RO\",\"potentialAction\":[{\"@type\":\"ReadAction\",\"target\":[\"https:\/\/carel.md\/ro\/produs\/pijama-6\/\"]}]},{\"@type\":\"ImageObject\",\"inLanguage\":\"ro-RO\",\"@id\":\"https:\/\/carel.md\/ro\/produs\/pijama-6\/#primaryimage\",\"url\":\"https:\/\/carel.md\/wp-content\/uploads\/2026\/04\/385-3.jpg\",\"contentUrl\":\"https:\/\/carel.md\/wp-content\/uploads\/2026\/04\/385-3.jpg\",\"width\":1200,\"height\":1200},{\"@type\":\"BreadcrumbList\",\"@id\":\"https:\/\/carel.md\/ro\/produs\/pijama-6\/#breadcrumb\",\"itemListElement\":[{\"@type\":\"ListItem\",\"position\":1,\"name\":\"Home\",\"item\":\"https:\/\/carel.md\/ro\/\"},{\"@type\":\"ListItem\",\"position\":2,\"name\":\"Magazin\",\"item\":\"https:\/\/carel.md\/magazin\/\"},{\"@type\":\"ListItem\",\"position\":3,\"name\":\"Pijama\"}]},{\"@type\":\"WebSite\",\"@id\":\"https:\/\/carel.md\/ro\/#website\",\"url\":\"https:\/\/carel.md\/ro\/\",\"name\":\"Carel\",\"description\":\"\u041c\u0430\u0433\u0430\u0437\u0438\u043d \u0434\u0435\u0442\u0441\u043a\u043e\u0439 \u043e\u0434\u0435\u0436\u0434\u044b, \u0438\u0437\u0433\u043e\u0442\u043e\u0432\u043b\u0435\u043d\u043d\u043e\u0439 \u0438\u0437 \u043d\u0430\u0442\u0443\u0440\u0430\u043b\u044c\u043d\u044b\u0445 \u0442\u043a\u0430\u043d\u0435\u0439.\",\"publisher\":{\"@id\":\"https:\/\/carel.md\/ro\/#organization\"},\"potentialAction\":[{\"@type\":\"SearchAction\",\"target\":{\"@type\":\"EntryPoint\",\"urlTemplate\":\"https:\/\/carel.md\/ro\/?s={search_term_string}\"},\"query-input\":{\"@type\":\"PropertyValueSpecification\",\"valueRequired\":true,\"valueName\":\"search_term_string\"}}],\"inLanguage\":\"ro-RO\"},{\"@type\":\"Organization\",\"@id\":\"https:\/\/carel.md\/ro\/#organization\",\"name\":\"Carel\",\"url\":\"https:\/\/carel.md\/ro\/\",\"logo\":{\"@type\":\"ImageObject\",\"inLanguage\":\"ro-RO\",\"@id\":\"https:\/\/carel.md\/ro\/#\/schema\/logo\/image\/\",\"url\":\"https:\/\/carel.md\/wp-content\/uploads\/2021\/11\/Asset-22.svg\",\"contentUrl\":\"https:\/\/carel.md\/wp-content\/uploads\/2021\/11\/Asset-22.svg\",\"width\":\"1024\",\"height\":\"1024\",\"caption\":\"Carel\"},\"image\":{\"@id\":\"https:\/\/carel.md\/ro\/#\/schema\/logo\/image\/\"}}]}<\/script>\n<!-- \/ Yoast SEO plugin. -->","yoast_head_json":{"title":"Pijama - Carel","description":"Pijamale imprimate pentru copii. Partea de sus este un tricou alb cu m\u00e2nec\u0103 lung\u0103 \u0219i imprimeu. Partea de jos sunt pantaloni de culoare \u00eenchis\u0103, cre\u00e2nd un contrast izbitor cu partea de sus alb\u0103.","robots":{"index":"index","follow":"follow","max-snippet":"max-snippet:-1","max-image-preview":"max-image-preview:large","max-video-preview":"max-video-preview:-1"},"canonical":"https:\/\/carel.md\/ro\/produs\/pijama-6\/","og_locale":"ro_RO","og_type":"article","og_title":"Pijama - Carel","og_description":"Pijamale imprimate pentru copii. Partea de sus este un tricou alb cu m\u00e2nec\u0103 lung\u0103 \u0219i imprimeu. Partea de jos sunt pantaloni de culoare \u00eenchis\u0103, cre\u00e2nd un contrast izbitor cu partea de sus alb\u0103.","og_url":"https:\/\/carel.md\/ro\/produs\/pijama-6\/","og_site_name":"Carel","og_image":[{"width":1200,"height":1200,"url":"https:\/\/carel.md\/wp-content\/uploads\/2026\/04\/385-3.jpg","type":"image\/jpeg"}],"twitter_card":"summary_large_image","schema":{"@context":"https:\/\/schema.org","@graph":[{"@type":"WebPage","@id":"https:\/\/carel.md\/ro\/produs\/pijama-6\/","url":"https:\/\/carel.md\/ro\/produs\/pijama-6\/","name":"Pijama - Carel","isPartOf":{"@id":"https:\/\/carel.md\/ro\/#website"},"primaryImageOfPage":{"@id":"https:\/\/carel.md\/ro\/produs\/pijama-6\/#primaryimage"},"image":{"@id":"https:\/\/carel.md\/ro\/produs\/pijama-6\/#primaryimage"},"thumbnailUrl":"https:\/\/carel.md\/wp-content\/uploads\/2026\/04\/385-3.jpg","datePublished":"2026-04-06T07:37:38+00:00","description":"Pijamale imprimate pentru copii. Partea de sus este un tricou alb cu m\u00e2nec\u0103 lung\u0103 \u0219i imprimeu. Partea de jos sunt pantaloni de culoare \u00eenchis\u0103, cre\u00e2nd un contrast izbitor cu partea de sus alb\u0103.","breadcrumb":{"@id":"https:\/\/carel.md\/ro\/produs\/pijama-6\/#breadcrumb"},"inLanguage":"ro-RO","potentialAction":[{"@type":"ReadAction","target":["https:\/\/carel.md\/ro\/produs\/pijama-6\/"]}]},{"@type":"ImageObject","inLanguage":"ro-RO","@id":"https:\/\/carel.md\/ro\/produs\/pijama-6\/#primaryimage","url":"https:\/\/carel.md\/wp-content\/uploads\/2026\/04\/385-3.jpg","contentUrl":"https:\/\/carel.md\/wp-content\/uploads\/2026\/04\/385-3.jpg","width":1200,"height":1200},{"@type":"BreadcrumbList","@id":"https:\/\/carel.md\/ro\/produs\/pijama-6\/#breadcrumb","itemListElement":[{"@type":"ListItem","position":1,"name":"Home","item":"https:\/\/carel.md\/ro\/"},{"@type":"ListItem","position":2,"name":"Magazin","item":"https:\/\/carel.md\/magazin\/"},{"@type":"ListItem","position":3,"name":"Pijama"}]},{"@type":"WebSite","@id":"https:\/\/carel.md\/ro\/#website","url":"https:\/\/carel.md\/ro\/","name":"Carel","description":"\u041c\u0430\u0433\u0430\u0437\u0438\u043d \u0434\u0435\u0442\u0441\u043a\u043e\u0439 \u043e\u0434\u0435\u0436\u0434\u044b, \u0438\u0437\u0433\u043e\u0442\u043e\u0432\u043b\u0435\u043d\u043d\u043e\u0439 \u0438\u0437 \u043d\u0430\u0442\u0443\u0440\u0430\u043b\u044c\u043d\u044b\u0445 \u0442\u043a\u0430\u043d\u0435\u0439.","publisher":{"@id":"https:\/\/carel.md\/ro\/#organization"},"potentialAction":[{"@type":"SearchAction","target":{"@type":"EntryPoint","urlTemplate":"https:\/\/carel.md\/ro\/?s={search_term_string}"},"query-input":{"@type":"PropertyValueSpecification","valueRequired":true,"valueName":"search_term_string"}}],"inLanguage":"ro-RO"},{"@type":"Organization","@id":"https:\/\/carel.md\/ro\/#organization","name":"Carel","url":"https:\/\/carel.md\/ro\/","logo":{"@type":"ImageObject","inLanguage":"ro-RO","@id":"https:\/\/carel.md\/ro\/#\/schema\/logo\/image\/","url":"https:\/\/carel.md\/wp-content\/uploads\/2021\/11\/Asset-22.svg","contentUrl":"https:\/\/carel.md\/wp-content\/uploads\/2021\/11\/Asset-22.svg","width":"1024","height":"1024","caption":"Carel"},"image":{"@id":"https:\/\/carel.md\/ro\/#\/schema\/logo\/image\/"}}]}},"_links":{"self":[{"href":"https:\/\/carel.md\/ro\/wp-json\/wp\/v2\/product\/15126","targetHints":{"allow":["GET"]}}],"collection":[{"href":"https:\/\/carel.md\/ro\/wp-json\/wp\/v2\/product"}],"about":[{"href":"https:\/\/carel.md\/ro\/wp-json\/wp\/v2\/types\/product"}],"replies":[{"embeddable":true,"href":"https:\/\/carel.md\/ro\/wp-json\/wp\/v2\/comments?post=15126"}],"wp:featuredmedia":[{"embeddable":true,"href":"https:\/\/carel.md\/ro\/wp-json\/wp\/v2\/media\/15118"}],"wp:attachment":[{"href":"https:\/\/carel.md\/ro\/wp-json\/wp\/v2\/media?parent=15126"}],"wp:term":[{"taxonomy":"product_brand","embeddable":true,"href":"https:\/\/carel.md\/ro\/wp-json\/wp\/v2\/product_brand?post=15126"},{"taxonomy":"product_cat","embeddable":true,"href":"https:\/\/carel.md\/ro\/wp-json\/wp\/v2\/product_cat?post=15126"},{"taxonomy":"product_tag","embeddable":true,"href":"https:\/\/carel.md\/ro\/wp-json\/wp\/v2\/product_tag?post=15126"}],"curies":[{"name":"wp","href":"https:\/\/api.w.org\/{rel}","templated":true}]}}