{"id":14780,"date":"2026-02-23T11:19:53","date_gmt":"2026-02-23T09:19:53","guid":{"rendered":"https:\/\/carel.md\/product\/sosete-6-perechi\/"},"modified":"2026-03-23T15:18:45","modified_gmt":"2026-03-23T13:18:45","slug":"sosete-6-perechi","status":"publish","type":"product","link":"https:\/\/carel.md\/ro\/produs\/sosete-6-perechi\/","title":{"rendered":"Sosete (6 perechi)"},"content":{"rendered":"<p>\u0218osete pentru bebelu\u0219i, de culoare uni, \u00eentr-o cutie frumoas\u0103. Acest set include 6 perechi de \u0219osete pentru bebelu\u0219i cu v\u00e2rsta cuprins\u0103 \u00eentre 0 \u0219i 6 luni. \u0218osetele sunt fabricate din bumbac cu elastan ad\u0103ugat.<\/p>\n","protected":false},"excerpt":{"rendered":"<p>\u0218osete pentru bebelu\u0219i, de culoare uni, \u00eentr-o cutie frumoas\u0103. Acest set include 6 perechi de \u0219osete pentru bebelu\u0219i cu v\u00e2rsta<\/p>\n","protected":false},"featured_media":14792,"comment_status":"closed","ping_status":"closed","template":"","meta":{"inline_featured_image":false},"product_brand":[],"product_cat":[146,293],"product_tag":[],"class_list":{"0":"post-14780","1":"product","2":"type-product","3":"status-publish","4":"has-post-thumbnail","6":"product_cat-bebelusi","7":"product_cat-ciorapi","9":"first","10":"instock","11":"shipping-taxable","12":"purchasable","13":"product-type-variable"},"yoast_head":"<!-- This site is optimized with the Yoast SEO plugin v27.2 - https:\/\/yoast.com\/product\/yoast-seo-wordpress\/ -->\n<title>Sosete (6 perechi) - Carel<\/title>\n<meta name=\"description\" content=\"\u0218osete pentru bebelu\u0219i, de culoare uni, \u00eentr-o cutie frumoas\u0103. Acest set include 6 perechi de \u0219osete pentru bebelu\u0219i cu v\u00e2rsta cuprins\u0103 \u00eentre 0 \u0219i 6 luni. \u0218osetele sunt fabricate din bumbac cu elastan ad\u0103ugat.\" \/>\n<meta name=\"robots\" content=\"index, follow, max-snippet:-1, max-image-preview:large, max-video-preview:-1\" \/>\n<link rel=\"canonical\" href=\"https:\/\/carel.md\/ro\/produs\/sosete-6-perechi\/\" \/>\n<meta property=\"og:locale\" content=\"ro_RO\" \/>\n<meta property=\"og:type\" content=\"article\" \/>\n<meta property=\"og:title\" content=\"Sosete (6 perechi) - Carel\" \/>\n<meta property=\"og:description\" content=\"\u0218osete pentru bebelu\u0219i, de culoare uni, \u00eentr-o cutie frumoas\u0103. Acest set include 6 perechi de \u0219osete pentru bebelu\u0219i cu v\u00e2rsta cuprins\u0103 \u00eentre 0 \u0219i 6 luni. \u0218osetele sunt fabricate din bumbac cu elastan ad\u0103ugat.\" \/>\n<meta property=\"og:url\" content=\"https:\/\/carel.md\/ro\/produs\/sosete-6-perechi\/\" \/>\n<meta property=\"og:site_name\" content=\"Carel\" \/>\n<meta property=\"article:modified_time\" content=\"2026-03-23T13:18:45+00:00\" \/>\n<meta property=\"og:image\" content=\"https:\/\/carel.md\/wp-content\/uploads\/2026\/02\/582-3.jpg\" \/>\n\t<meta property=\"og:image:width\" content=\"1200\" \/>\n\t<meta property=\"og:image:height\" content=\"1200\" \/>\n\t<meta property=\"og:image:type\" content=\"image\/jpeg\" \/>\n<meta name=\"twitter:card\" content=\"summary_large_image\" \/>\n<meta name=\"twitter:label1\" content=\"Timp estimat pentru citire\" \/>\n\t<meta name=\"twitter:data1\" content=\"1 minut\" \/>\n<script type=\"application\/ld+json\" class=\"yoast-schema-graph\">{\"@context\":\"https:\/\/schema.org\",\"@graph\":[{\"@type\":\"WebPage\",\"@id\":\"https:\/\/carel.md\/ro\/produs\/sosete-6-perechi\/\",\"url\":\"https:\/\/carel.md\/ro\/produs\/sosete-6-perechi\/\",\"name\":\"Sosete (6 perechi) - Carel\",\"isPartOf\":{\"@id\":\"https:\/\/carel.md\/ro\/#website\"},\"primaryImageOfPage\":{\"@id\":\"https:\/\/carel.md\/ro\/produs\/sosete-6-perechi\/#primaryimage\"},\"image\":{\"@id\":\"https:\/\/carel.md\/ro\/produs\/sosete-6-perechi\/#primaryimage\"},\"thumbnailUrl\":\"https:\/\/carel.md\/wp-content\/uploads\/2026\/02\/582-3.jpg\",\"datePublished\":\"2026-02-23T09:19:53+00:00\",\"dateModified\":\"2026-03-23T13:18:45+00:00\",\"description\":\"\u0218osete pentru bebelu\u0219i, de culoare uni, \u00eentr-o cutie frumoas\u0103. Acest set include 6 perechi de \u0219osete pentru bebelu\u0219i cu v\u00e2rsta cuprins\u0103 \u00eentre 0 \u0219i 6 luni. \u0218osetele sunt fabricate din bumbac cu elastan ad\u0103ugat.\",\"breadcrumb\":{\"@id\":\"https:\/\/carel.md\/ro\/produs\/sosete-6-perechi\/#breadcrumb\"},\"inLanguage\":\"ro-RO\",\"potentialAction\":[{\"@type\":\"ReadAction\",\"target\":[\"https:\/\/carel.md\/ro\/produs\/sosete-6-perechi\/\"]}]},{\"@type\":\"ImageObject\",\"inLanguage\":\"ro-RO\",\"@id\":\"https:\/\/carel.md\/ro\/produs\/sosete-6-perechi\/#primaryimage\",\"url\":\"https:\/\/carel.md\/wp-content\/uploads\/2026\/02\/582-3.jpg\",\"contentUrl\":\"https:\/\/carel.md\/wp-content\/uploads\/2026\/02\/582-3.jpg\",\"width\":1200,\"height\":1200},{\"@type\":\"BreadcrumbList\",\"@id\":\"https:\/\/carel.md\/ro\/produs\/sosete-6-perechi\/#breadcrumb\",\"itemListElement\":[{\"@type\":\"ListItem\",\"position\":1,\"name\":\"Home\",\"item\":\"https:\/\/carel.md\/ro\/\"},{\"@type\":\"ListItem\",\"position\":2,\"name\":\"Magazin\",\"item\":\"https:\/\/carel.md\/magazin\/\"},{\"@type\":\"ListItem\",\"position\":3,\"name\":\"Sosete (6 perechi)\"}]},{\"@type\":\"WebSite\",\"@id\":\"https:\/\/carel.md\/ro\/#website\",\"url\":\"https:\/\/carel.md\/ro\/\",\"name\":\"Carel\",\"description\":\"\u041c\u0430\u0433\u0430\u0437\u0438\u043d \u0434\u0435\u0442\u0441\u043a\u043e\u0439 \u043e\u0434\u0435\u0436\u0434\u044b, \u0438\u0437\u0433\u043e\u0442\u043e\u0432\u043b\u0435\u043d\u043d\u043e\u0439 \u0438\u0437 \u043d\u0430\u0442\u0443\u0440\u0430\u043b\u044c\u043d\u044b\u0445 \u0442\u043a\u0430\u043d\u0435\u0439.\",\"publisher\":{\"@id\":\"https:\/\/carel.md\/ro\/#organization\"},\"potentialAction\":[{\"@type\":\"SearchAction\",\"target\":{\"@type\":\"EntryPoint\",\"urlTemplate\":\"https:\/\/carel.md\/ro\/?s={search_term_string}\"},\"query-input\":{\"@type\":\"PropertyValueSpecification\",\"valueRequired\":true,\"valueName\":\"search_term_string\"}}],\"inLanguage\":\"ro-RO\"},{\"@type\":\"Organization\",\"@id\":\"https:\/\/carel.md\/ro\/#organization\",\"name\":\"Carel\",\"url\":\"https:\/\/carel.md\/ro\/\",\"logo\":{\"@type\":\"ImageObject\",\"inLanguage\":\"ro-RO\",\"@id\":\"https:\/\/carel.md\/ro\/#\/schema\/logo\/image\/\",\"url\":\"https:\/\/carel.md\/wp-content\/uploads\/2021\/11\/Asset-22.svg\",\"contentUrl\":\"https:\/\/carel.md\/wp-content\/uploads\/2021\/11\/Asset-22.svg\",\"width\":\"1024\",\"height\":\"1024\",\"caption\":\"Carel\"},\"image\":{\"@id\":\"https:\/\/carel.md\/ro\/#\/schema\/logo\/image\/\"}}]}<\/script>\n<!-- \/ Yoast SEO plugin. -->","yoast_head_json":{"title":"Sosete (6 perechi) - Carel","description":"\u0218osete pentru bebelu\u0219i, de culoare uni, \u00eentr-o cutie frumoas\u0103. Acest set include 6 perechi de \u0219osete pentru bebelu\u0219i cu v\u00e2rsta cuprins\u0103 \u00eentre 0 \u0219i 6 luni. \u0218osetele sunt fabricate din bumbac cu elastan ad\u0103ugat.","robots":{"index":"index","follow":"follow","max-snippet":"max-snippet:-1","max-image-preview":"max-image-preview:large","max-video-preview":"max-video-preview:-1"},"canonical":"https:\/\/carel.md\/ro\/produs\/sosete-6-perechi\/","og_locale":"ro_RO","og_type":"article","og_title":"Sosete (6 perechi) - Carel","og_description":"\u0218osete pentru bebelu\u0219i, de culoare uni, \u00eentr-o cutie frumoas\u0103. Acest set include 6 perechi de \u0219osete pentru bebelu\u0219i cu v\u00e2rsta cuprins\u0103 \u00eentre 0 \u0219i 6 luni. \u0218osetele sunt fabricate din bumbac cu elastan ad\u0103ugat.","og_url":"https:\/\/carel.md\/ro\/produs\/sosete-6-perechi\/","og_site_name":"Carel","article_modified_time":"2026-03-23T13:18:45+00:00","og_image":[{"width":1200,"height":1200,"url":"https:\/\/carel.md\/wp-content\/uploads\/2026\/02\/582-3.jpg","type":"image\/jpeg"}],"twitter_card":"summary_large_image","twitter_misc":{"Timp estimat pentru citire":"1 minut"},"schema":{"@context":"https:\/\/schema.org","@graph":[{"@type":"WebPage","@id":"https:\/\/carel.md\/ro\/produs\/sosete-6-perechi\/","url":"https:\/\/carel.md\/ro\/produs\/sosete-6-perechi\/","name":"Sosete (6 perechi) - Carel","isPartOf":{"@id":"https:\/\/carel.md\/ro\/#website"},"primaryImageOfPage":{"@id":"https:\/\/carel.md\/ro\/produs\/sosete-6-perechi\/#primaryimage"},"image":{"@id":"https:\/\/carel.md\/ro\/produs\/sosete-6-perechi\/#primaryimage"},"thumbnailUrl":"https:\/\/carel.md\/wp-content\/uploads\/2026\/02\/582-3.jpg","datePublished":"2026-02-23T09:19:53+00:00","dateModified":"2026-03-23T13:18:45+00:00","description":"\u0218osete pentru bebelu\u0219i, de culoare uni, \u00eentr-o cutie frumoas\u0103. Acest set include 6 perechi de \u0219osete pentru bebelu\u0219i cu v\u00e2rsta cuprins\u0103 \u00eentre 0 \u0219i 6 luni. \u0218osetele sunt fabricate din bumbac cu elastan ad\u0103ugat.","breadcrumb":{"@id":"https:\/\/carel.md\/ro\/produs\/sosete-6-perechi\/#breadcrumb"},"inLanguage":"ro-RO","potentialAction":[{"@type":"ReadAction","target":["https:\/\/carel.md\/ro\/produs\/sosete-6-perechi\/"]}]},{"@type":"ImageObject","inLanguage":"ro-RO","@id":"https:\/\/carel.md\/ro\/produs\/sosete-6-perechi\/#primaryimage","url":"https:\/\/carel.md\/wp-content\/uploads\/2026\/02\/582-3.jpg","contentUrl":"https:\/\/carel.md\/wp-content\/uploads\/2026\/02\/582-3.jpg","width":1200,"height":1200},{"@type":"BreadcrumbList","@id":"https:\/\/carel.md\/ro\/produs\/sosete-6-perechi\/#breadcrumb","itemListElement":[{"@type":"ListItem","position":1,"name":"Home","item":"https:\/\/carel.md\/ro\/"},{"@type":"ListItem","position":2,"name":"Magazin","item":"https:\/\/carel.md\/magazin\/"},{"@type":"ListItem","position":3,"name":"Sosete (6 perechi)"}]},{"@type":"WebSite","@id":"https:\/\/carel.md\/ro\/#website","url":"https:\/\/carel.md\/ro\/","name":"Carel","description":"\u041c\u0430\u0433\u0430\u0437\u0438\u043d \u0434\u0435\u0442\u0441\u043a\u043e\u0439 \u043e\u0434\u0435\u0436\u0434\u044b, \u0438\u0437\u0433\u043e\u0442\u043e\u0432\u043b\u0435\u043d\u043d\u043e\u0439 \u0438\u0437 \u043d\u0430\u0442\u0443\u0440\u0430\u043b\u044c\u043d\u044b\u0445 \u0442\u043a\u0430\u043d\u0435\u0439.","publisher":{"@id":"https:\/\/carel.md\/ro\/#organization"},"potentialAction":[{"@type":"SearchAction","target":{"@type":"EntryPoint","urlTemplate":"https:\/\/carel.md\/ro\/?s={search_term_string}"},"query-input":{"@type":"PropertyValueSpecification","valueRequired":true,"valueName":"search_term_string"}}],"inLanguage":"ro-RO"},{"@type":"Organization","@id":"https:\/\/carel.md\/ro\/#organization","name":"Carel","url":"https:\/\/carel.md\/ro\/","logo":{"@type":"ImageObject","inLanguage":"ro-RO","@id":"https:\/\/carel.md\/ro\/#\/schema\/logo\/image\/","url":"https:\/\/carel.md\/wp-content\/uploads\/2021\/11\/Asset-22.svg","contentUrl":"https:\/\/carel.md\/wp-content\/uploads\/2021\/11\/Asset-22.svg","width":"1024","height":"1024","caption":"Carel"},"image":{"@id":"https:\/\/carel.md\/ro\/#\/schema\/logo\/image\/"}}]}},"_links":{"self":[{"href":"https:\/\/carel.md\/ro\/wp-json\/wp\/v2\/product\/14780","targetHints":{"allow":["GET"]}}],"collection":[{"href":"https:\/\/carel.md\/ro\/wp-json\/wp\/v2\/product"}],"about":[{"href":"https:\/\/carel.md\/ro\/wp-json\/wp\/v2\/types\/product"}],"replies":[{"embeddable":true,"href":"https:\/\/carel.md\/ro\/wp-json\/wp\/v2\/comments?post=14780"}],"wp:featuredmedia":[{"embeddable":true,"href":"https:\/\/carel.md\/ro\/wp-json\/wp\/v2\/media\/14792"}],"wp:attachment":[{"href":"https:\/\/carel.md\/ro\/wp-json\/wp\/v2\/media?parent=14780"}],"wp:term":[{"taxonomy":"product_brand","embeddable":true,"href":"https:\/\/carel.md\/ro\/wp-json\/wp\/v2\/product_brand?post=14780"},{"taxonomy":"product_cat","embeddable":true,"href":"https:\/\/carel.md\/ro\/wp-json\/wp\/v2\/product_cat?post=14780"},{"taxonomy":"product_tag","embeddable":true,"href":"https:\/\/carel.md\/ro\/wp-json\/wp\/v2\/product_tag?post=14780"}],"curies":[{"name":"wp","href":"https:\/\/api.w.org\/{rel}","templated":true}]}}