{"id":13571,"date":"2025-04-04T16:24:20","date_gmt":"2025-04-04T13:24:20","guid":{"rendered":"https:\/\/carel.md\/product\/troika-devocika\/"},"modified":"2025-04-04T16:30:40","modified_gmt":"2025-04-04T13:30:40","slug":"troika-devocika","status":"publish","type":"product","link":"https:\/\/carel.md\/ro\/produs\/troika-devocika\/","title":{"rendered":"Set  3 piese"},"content":{"rendered":"<p>Un set elegant pentru o fata din 3 piese: blugi, o bluza alba si o vesta tricotata.\u00a0 \u00a0Croiala lejer\u0103, supradimensionat\u0103 pentru tineret, este potrivit\u0103 at\u00e2t pentru prim\u0103var\u0103, c\u00e2t \u0219i pentru toamn\u0103. Pute\u021bi crea mai multe look-uri din set. Setul este disponibil in urmatoarele marimi: 2-9 ani.<\/p>\n","protected":false},"excerpt":{"rendered":"<p>Un set elegant pentru o fata din 3 piese: blugi, o bluza alba si o vesta tricotata.\u00a0 \u00a0Croiala lejer\u0103, supradimensionat\u0103<\/p>\n","protected":false},"featured_media":13527,"comment_status":"open","ping_status":"closed","template":"","meta":{"inline_featured_image":false},"product_brand":[],"product_cat":[187,145],"product_tag":[],"class_list":{"0":"post-13571","1":"product","2":"type-product","3":"status-publish","4":"has-post-thumbnail","6":"product_cat-costume-ro","7":"product_cat-fete","9":"first","10":"instock","11":"sale","12":"shipping-taxable","13":"purchasable","14":"product-type-variable"},"yoast_head":"<!-- This site is optimized with the Yoast SEO plugin v27.2 - https:\/\/yoast.com\/product\/yoast-seo-wordpress\/ -->\n<title>Set 3 piese - Carel<\/title>\n<meta name=\"description\" content=\"Un set elegant pentru o fata din 3 piese: blugi, o camasa alba si o vesta tricotata. Gama de marimi de la 2 la 9 ani.\" \/>\n<meta name=\"robots\" content=\"index, follow, max-snippet:-1, max-image-preview:large, max-video-preview:-1\" \/>\n<link rel=\"canonical\" href=\"https:\/\/carel.md\/ro\/produs\/troika-devocika\/\" \/>\n<meta property=\"og:locale\" content=\"ro_RO\" \/>\n<meta property=\"og:type\" content=\"article\" \/>\n<meta property=\"og:title\" content=\"Set 3 piese - Carel\" \/>\n<meta property=\"og:description\" content=\"Un set elegant pentru o fata din 3 piese: blugi, o camasa alba si o vesta tricotata. Gama de marimi de la 2 la 9 ani.\" \/>\n<meta property=\"og:url\" content=\"https:\/\/carel.md\/ro\/produs\/troika-devocika\/\" \/>\n<meta property=\"og:site_name\" content=\"Carel\" \/>\n<meta property=\"article:modified_time\" content=\"2025-04-04T13:30:40+00:00\" \/>\n<meta property=\"og:image\" content=\"https:\/\/carel.md\/wp-content\/uploads\/2025\/04\/532-1.jpg\" \/>\n\t<meta property=\"og:image:width\" content=\"1200\" \/>\n\t<meta property=\"og:image:height\" content=\"1200\" \/>\n\t<meta property=\"og:image:type\" content=\"image\/jpeg\" \/>\n<meta name=\"twitter:card\" content=\"summary_large_image\" \/>\n<meta name=\"twitter:label1\" content=\"Timp estimat pentru citire\" \/>\n\t<meta name=\"twitter:data1\" content=\"1 minut\" \/>\n<script type=\"application\/ld+json\" class=\"yoast-schema-graph\">{\"@context\":\"https:\/\/schema.org\",\"@graph\":[{\"@type\":\"WebPage\",\"@id\":\"https:\/\/carel.md\/ro\/produs\/troika-devocika\/\",\"url\":\"https:\/\/carel.md\/ro\/produs\/troika-devocika\/\",\"name\":\"Set 3 piese - Carel\",\"isPartOf\":{\"@id\":\"https:\/\/carel.md\/ro\/#website\"},\"primaryImageOfPage\":{\"@id\":\"https:\/\/carel.md\/ro\/produs\/troika-devocika\/#primaryimage\"},\"image\":{\"@id\":\"https:\/\/carel.md\/ro\/produs\/troika-devocika\/#primaryimage\"},\"thumbnailUrl\":\"https:\/\/carel.md\/wp-content\/uploads\/2025\/04\/532-1.jpg\",\"datePublished\":\"2025-04-04T13:24:20+00:00\",\"dateModified\":\"2025-04-04T13:30:40+00:00\",\"description\":\"Un set elegant pentru o fata din 3 piese: blugi, o camasa alba si o vesta tricotata. Gama de marimi de la 2 la 9 ani.\",\"breadcrumb\":{\"@id\":\"https:\/\/carel.md\/ro\/produs\/troika-devocika\/#breadcrumb\"},\"inLanguage\":\"ro-RO\",\"potentialAction\":[{\"@type\":\"ReadAction\",\"target\":[\"https:\/\/carel.md\/ro\/produs\/troika-devocika\/\"]}]},{\"@type\":\"ImageObject\",\"inLanguage\":\"ro-RO\",\"@id\":\"https:\/\/carel.md\/ro\/produs\/troika-devocika\/#primaryimage\",\"url\":\"https:\/\/carel.md\/wp-content\/uploads\/2025\/04\/532-1.jpg\",\"contentUrl\":\"https:\/\/carel.md\/wp-content\/uploads\/2025\/04\/532-1.jpg\",\"width\":1200,\"height\":1200},{\"@type\":\"BreadcrumbList\",\"@id\":\"https:\/\/carel.md\/ro\/produs\/troika-devocika\/#breadcrumb\",\"itemListElement\":[{\"@type\":\"ListItem\",\"position\":1,\"name\":\"Home\",\"item\":\"https:\/\/carel.md\/ro\/\"},{\"@type\":\"ListItem\",\"position\":2,\"name\":\"Magazin\",\"item\":\"https:\/\/carel.md\/magazin\/\"},{\"@type\":\"ListItem\",\"position\":3,\"name\":\"Set 3 piese\"}]},{\"@type\":\"WebSite\",\"@id\":\"https:\/\/carel.md\/ro\/#website\",\"url\":\"https:\/\/carel.md\/ro\/\",\"name\":\"Carel\",\"description\":\"\u041c\u0430\u0433\u0430\u0437\u0438\u043d \u0434\u0435\u0442\u0441\u043a\u043e\u0439 \u043e\u0434\u0435\u0436\u0434\u044b, \u0438\u0437\u0433\u043e\u0442\u043e\u0432\u043b\u0435\u043d\u043d\u043e\u0439 \u0438\u0437 \u043d\u0430\u0442\u0443\u0440\u0430\u043b\u044c\u043d\u044b\u0445 \u0442\u043a\u0430\u043d\u0435\u0439.\",\"publisher\":{\"@id\":\"https:\/\/carel.md\/ro\/#organization\"},\"potentialAction\":[{\"@type\":\"SearchAction\",\"target\":{\"@type\":\"EntryPoint\",\"urlTemplate\":\"https:\/\/carel.md\/ro\/?s={search_term_string}\"},\"query-input\":{\"@type\":\"PropertyValueSpecification\",\"valueRequired\":true,\"valueName\":\"search_term_string\"}}],\"inLanguage\":\"ro-RO\"},{\"@type\":\"Organization\",\"@id\":\"https:\/\/carel.md\/ro\/#organization\",\"name\":\"Carel\",\"url\":\"https:\/\/carel.md\/ro\/\",\"logo\":{\"@type\":\"ImageObject\",\"inLanguage\":\"ro-RO\",\"@id\":\"https:\/\/carel.md\/ro\/#\/schema\/logo\/image\/\",\"url\":\"https:\/\/carel.md\/wp-content\/uploads\/2021\/11\/Asset-22.svg\",\"contentUrl\":\"https:\/\/carel.md\/wp-content\/uploads\/2021\/11\/Asset-22.svg\",\"width\":\"1024\",\"height\":\"1024\",\"caption\":\"Carel\"},\"image\":{\"@id\":\"https:\/\/carel.md\/ro\/#\/schema\/logo\/image\/\"}}]}<\/script>\n<!-- \/ Yoast SEO plugin. -->","yoast_head_json":{"title":"Set 3 piese - Carel","description":"Un set elegant pentru o fata din 3 piese: blugi, o camasa alba si o vesta tricotata. Gama de marimi de la 2 la 9 ani.","robots":{"index":"index","follow":"follow","max-snippet":"max-snippet:-1","max-image-preview":"max-image-preview:large","max-video-preview":"max-video-preview:-1"},"canonical":"https:\/\/carel.md\/ro\/produs\/troika-devocika\/","og_locale":"ro_RO","og_type":"article","og_title":"Set 3 piese - Carel","og_description":"Un set elegant pentru o fata din 3 piese: blugi, o camasa alba si o vesta tricotata. Gama de marimi de la 2 la 9 ani.","og_url":"https:\/\/carel.md\/ro\/produs\/troika-devocika\/","og_site_name":"Carel","article_modified_time":"2025-04-04T13:30:40+00:00","og_image":[{"width":1200,"height":1200,"url":"https:\/\/carel.md\/wp-content\/uploads\/2025\/04\/532-1.jpg","type":"image\/jpeg"}],"twitter_card":"summary_large_image","twitter_misc":{"Timp estimat pentru citire":"1 minut"},"schema":{"@context":"https:\/\/schema.org","@graph":[{"@type":"WebPage","@id":"https:\/\/carel.md\/ro\/produs\/troika-devocika\/","url":"https:\/\/carel.md\/ro\/produs\/troika-devocika\/","name":"Set 3 piese - Carel","isPartOf":{"@id":"https:\/\/carel.md\/ro\/#website"},"primaryImageOfPage":{"@id":"https:\/\/carel.md\/ro\/produs\/troika-devocika\/#primaryimage"},"image":{"@id":"https:\/\/carel.md\/ro\/produs\/troika-devocika\/#primaryimage"},"thumbnailUrl":"https:\/\/carel.md\/wp-content\/uploads\/2025\/04\/532-1.jpg","datePublished":"2025-04-04T13:24:20+00:00","dateModified":"2025-04-04T13:30:40+00:00","description":"Un set elegant pentru o fata din 3 piese: blugi, o camasa alba si o vesta tricotata. Gama de marimi de la 2 la 9 ani.","breadcrumb":{"@id":"https:\/\/carel.md\/ro\/produs\/troika-devocika\/#breadcrumb"},"inLanguage":"ro-RO","potentialAction":[{"@type":"ReadAction","target":["https:\/\/carel.md\/ro\/produs\/troika-devocika\/"]}]},{"@type":"ImageObject","inLanguage":"ro-RO","@id":"https:\/\/carel.md\/ro\/produs\/troika-devocika\/#primaryimage","url":"https:\/\/carel.md\/wp-content\/uploads\/2025\/04\/532-1.jpg","contentUrl":"https:\/\/carel.md\/wp-content\/uploads\/2025\/04\/532-1.jpg","width":1200,"height":1200},{"@type":"BreadcrumbList","@id":"https:\/\/carel.md\/ro\/produs\/troika-devocika\/#breadcrumb","itemListElement":[{"@type":"ListItem","position":1,"name":"Home","item":"https:\/\/carel.md\/ro\/"},{"@type":"ListItem","position":2,"name":"Magazin","item":"https:\/\/carel.md\/magazin\/"},{"@type":"ListItem","position":3,"name":"Set 3 piese"}]},{"@type":"WebSite","@id":"https:\/\/carel.md\/ro\/#website","url":"https:\/\/carel.md\/ro\/","name":"Carel","description":"\u041c\u0430\u0433\u0430\u0437\u0438\u043d \u0434\u0435\u0442\u0441\u043a\u043e\u0439 \u043e\u0434\u0435\u0436\u0434\u044b, \u0438\u0437\u0433\u043e\u0442\u043e\u0432\u043b\u0435\u043d\u043d\u043e\u0439 \u0438\u0437 \u043d\u0430\u0442\u0443\u0440\u0430\u043b\u044c\u043d\u044b\u0445 \u0442\u043a\u0430\u043d\u0435\u0439.","publisher":{"@id":"https:\/\/carel.md\/ro\/#organization"},"potentialAction":[{"@type":"SearchAction","target":{"@type":"EntryPoint","urlTemplate":"https:\/\/carel.md\/ro\/?s={search_term_string}"},"query-input":{"@type":"PropertyValueSpecification","valueRequired":true,"valueName":"search_term_string"}}],"inLanguage":"ro-RO"},{"@type":"Organization","@id":"https:\/\/carel.md\/ro\/#organization","name":"Carel","url":"https:\/\/carel.md\/ro\/","logo":{"@type":"ImageObject","inLanguage":"ro-RO","@id":"https:\/\/carel.md\/ro\/#\/schema\/logo\/image\/","url":"https:\/\/carel.md\/wp-content\/uploads\/2021\/11\/Asset-22.svg","contentUrl":"https:\/\/carel.md\/wp-content\/uploads\/2021\/11\/Asset-22.svg","width":"1024","height":"1024","caption":"Carel"},"image":{"@id":"https:\/\/carel.md\/ro\/#\/schema\/logo\/image\/"}}]}},"_links":{"self":[{"href":"https:\/\/carel.md\/ro\/wp-json\/wp\/v2\/product\/13571","targetHints":{"allow":["GET"]}}],"collection":[{"href":"https:\/\/carel.md\/ro\/wp-json\/wp\/v2\/product"}],"about":[{"href":"https:\/\/carel.md\/ro\/wp-json\/wp\/v2\/types\/product"}],"replies":[{"embeddable":true,"href":"https:\/\/carel.md\/ro\/wp-json\/wp\/v2\/comments?post=13571"}],"wp:featuredmedia":[{"embeddable":true,"href":"https:\/\/carel.md\/ro\/wp-json\/wp\/v2\/media\/13527"}],"wp:attachment":[{"href":"https:\/\/carel.md\/ro\/wp-json\/wp\/v2\/media?parent=13571"}],"wp:term":[{"taxonomy":"product_brand","embeddable":true,"href":"https:\/\/carel.md\/ro\/wp-json\/wp\/v2\/product_brand?post=13571"},{"taxonomy":"product_cat","embeddable":true,"href":"https:\/\/carel.md\/ro\/wp-json\/wp\/v2\/product_cat?post=13571"},{"taxonomy":"product_tag","embeddable":true,"href":"https:\/\/carel.md\/ro\/wp-json\/wp\/v2\/product_tag?post=13571"}],"curies":[{"name":"wp","href":"https:\/\/api.w.org\/{rel}","templated":true}]}}