{"id":13269,"date":"2024-12-09T16:20:55","date_gmt":"2024-12-09T14:20:55","guid":{"rendered":"https:\/\/carel.md\/product\/bluza-s-iubkoi\/"},"modified":"2024-12-09T16:23:18","modified_gmt":"2024-12-09T14:23:18","slug":"bluza-s-iubkoi","status":"publish","type":"product","link":"https:\/\/carel.md\/ro\/produs\/bluza-s-iubkoi\/","title":{"rendered":"Set 2 piese"},"content":{"rendered":"<p>Bluza cu fusta pentru micile fashioniste. Bluza este confec\u021bionat\u0103 din \u021bes\u0103tur\u0103 cu t\u0103i\u021bei cu nervuri, ceea ce \u00eei va oferi micu\u021bei tale fashioniste confort \u0219i comoditate. Este decorat\u0103 cu volane elegante, o fust\u0103 pufoas\u0103 cu elastic pe tot.<\/p>\n","protected":false},"excerpt":{"rendered":"<p>Bluza cu fusta pentru micile fashioniste. Bluza este confec\u021bionat\u0103 din \u021bes\u0103tur\u0103 cu t\u0103i\u021bei cu nervuri, ceea ce \u00eei va oferi<\/p>\n","protected":false},"featured_media":13263,"comment_status":"open","ping_status":"closed","template":"","meta":{"inline_featured_image":false},"product_brand":[],"product_cat":[145,237],"product_tag":[],"class_list":{"0":"post-13269","1":"product","2":"type-product","3":"status-publish","4":"has-post-thumbnail","6":"product_cat-fete","7":"product_cat-rochii","9":"first","10":"instock","11":"sale","12":"shipping-taxable","13":"purchasable","14":"product-type-variable"},"yoast_head":"<!-- This site is optimized with the Yoast SEO plugin v27.2 - https:\/\/yoast.com\/product\/yoast-seo-wordpress\/ -->\n<title>Set 2 piese - Carel<\/title>\n<meta name=\"description\" content=\"Un set elegant format dintr-o bluz\u0103 \u0219i o fust\u0103 plin\u0103 din tul. Bluza cu maneci lungi cu aripi pe umeri, gama de marimi de la 1 an la 10 ani.\" \/>\n<meta name=\"robots\" content=\"index, follow, max-snippet:-1, max-image-preview:large, max-video-preview:-1\" \/>\n<link rel=\"canonical\" href=\"https:\/\/carel.md\/ro\/produs\/bluza-s-iubkoi\/\" \/>\n<meta property=\"og:locale\" content=\"ro_RO\" \/>\n<meta property=\"og:type\" content=\"article\" \/>\n<meta property=\"og:title\" content=\"Set 2 piese - Carel\" \/>\n<meta property=\"og:description\" content=\"Un set elegant format dintr-o bluz\u0103 \u0219i o fust\u0103 plin\u0103 din tul. Bluza cu maneci lungi cu aripi pe umeri, gama de marimi de la 1 an la 10 ani.\" \/>\n<meta property=\"og:url\" content=\"https:\/\/carel.md\/ro\/produs\/bluza-s-iubkoi\/\" \/>\n<meta property=\"og:site_name\" content=\"Carel\" \/>\n<meta property=\"article:modified_time\" content=\"2024-12-09T14:23:18+00:00\" \/>\n<meta property=\"og:image\" content=\"https:\/\/carel.md\/wp-content\/uploads\/2024\/12\/69-3.jpg\" \/>\n\t<meta property=\"og:image:width\" content=\"1200\" \/>\n\t<meta property=\"og:image:height\" content=\"1200\" \/>\n\t<meta property=\"og:image:type\" content=\"image\/jpeg\" \/>\n<meta name=\"twitter:card\" content=\"summary_large_image\" \/>\n<meta name=\"twitter:label1\" content=\"Timp estimat pentru citire\" \/>\n\t<meta name=\"twitter:data1\" content=\"1 minut\" \/>\n<script type=\"application\/ld+json\" class=\"yoast-schema-graph\">{\"@context\":\"https:\/\/schema.org\",\"@graph\":[{\"@type\":\"WebPage\",\"@id\":\"https:\/\/carel.md\/ro\/produs\/bluza-s-iubkoi\/\",\"url\":\"https:\/\/carel.md\/ro\/produs\/bluza-s-iubkoi\/\",\"name\":\"Set 2 piese - Carel\",\"isPartOf\":{\"@id\":\"https:\/\/carel.md\/ro\/#website\"},\"primaryImageOfPage\":{\"@id\":\"https:\/\/carel.md\/ro\/produs\/bluza-s-iubkoi\/#primaryimage\"},\"image\":{\"@id\":\"https:\/\/carel.md\/ro\/produs\/bluza-s-iubkoi\/#primaryimage\"},\"thumbnailUrl\":\"https:\/\/carel.md\/wp-content\/uploads\/2024\/12\/69-3.jpg\",\"datePublished\":\"2024-12-09T14:20:55+00:00\",\"dateModified\":\"2024-12-09T14:23:18+00:00\",\"description\":\"Un set elegant format dintr-o bluz\u0103 \u0219i o fust\u0103 plin\u0103 din tul. Bluza cu maneci lungi cu aripi pe umeri, gama de marimi de la 1 an la 10 ani.\",\"breadcrumb\":{\"@id\":\"https:\/\/carel.md\/ro\/produs\/bluza-s-iubkoi\/#breadcrumb\"},\"inLanguage\":\"ro-RO\",\"potentialAction\":[{\"@type\":\"ReadAction\",\"target\":[\"https:\/\/carel.md\/ro\/produs\/bluza-s-iubkoi\/\"]}]},{\"@type\":\"ImageObject\",\"inLanguage\":\"ro-RO\",\"@id\":\"https:\/\/carel.md\/ro\/produs\/bluza-s-iubkoi\/#primaryimage\",\"url\":\"https:\/\/carel.md\/wp-content\/uploads\/2024\/12\/69-3.jpg\",\"contentUrl\":\"https:\/\/carel.md\/wp-content\/uploads\/2024\/12\/69-3.jpg\",\"width\":1200,\"height\":1200},{\"@type\":\"BreadcrumbList\",\"@id\":\"https:\/\/carel.md\/ro\/produs\/bluza-s-iubkoi\/#breadcrumb\",\"itemListElement\":[{\"@type\":\"ListItem\",\"position\":1,\"name\":\"Home\",\"item\":\"https:\/\/carel.md\/ro\/\"},{\"@type\":\"ListItem\",\"position\":2,\"name\":\"Magazin\",\"item\":\"https:\/\/carel.md\/magazin\/\"},{\"@type\":\"ListItem\",\"position\":3,\"name\":\"Set 2 piese\"}]},{\"@type\":\"WebSite\",\"@id\":\"https:\/\/carel.md\/ro\/#website\",\"url\":\"https:\/\/carel.md\/ro\/\",\"name\":\"Carel\",\"description\":\"\u041c\u0430\u0433\u0430\u0437\u0438\u043d \u0434\u0435\u0442\u0441\u043a\u043e\u0439 \u043e\u0434\u0435\u0436\u0434\u044b, \u0438\u0437\u0433\u043e\u0442\u043e\u0432\u043b\u0435\u043d\u043d\u043e\u0439 \u0438\u0437 \u043d\u0430\u0442\u0443\u0440\u0430\u043b\u044c\u043d\u044b\u0445 \u0442\u043a\u0430\u043d\u0435\u0439.\",\"publisher\":{\"@id\":\"https:\/\/carel.md\/ro\/#organization\"},\"potentialAction\":[{\"@type\":\"SearchAction\",\"target\":{\"@type\":\"EntryPoint\",\"urlTemplate\":\"https:\/\/carel.md\/ro\/?s={search_term_string}\"},\"query-input\":{\"@type\":\"PropertyValueSpecification\",\"valueRequired\":true,\"valueName\":\"search_term_string\"}}],\"inLanguage\":\"ro-RO\"},{\"@type\":\"Organization\",\"@id\":\"https:\/\/carel.md\/ro\/#organization\",\"name\":\"Carel\",\"url\":\"https:\/\/carel.md\/ro\/\",\"logo\":{\"@type\":\"ImageObject\",\"inLanguage\":\"ro-RO\",\"@id\":\"https:\/\/carel.md\/ro\/#\/schema\/logo\/image\/\",\"url\":\"https:\/\/carel.md\/wp-content\/uploads\/2021\/11\/Asset-22.svg\",\"contentUrl\":\"https:\/\/carel.md\/wp-content\/uploads\/2021\/11\/Asset-22.svg\",\"width\":\"1024\",\"height\":\"1024\",\"caption\":\"Carel\"},\"image\":{\"@id\":\"https:\/\/carel.md\/ro\/#\/schema\/logo\/image\/\"}}]}<\/script>\n<!-- \/ Yoast SEO plugin. -->","yoast_head_json":{"title":"Set 2 piese - Carel","description":"Un set elegant format dintr-o bluz\u0103 \u0219i o fust\u0103 plin\u0103 din tul. Bluza cu maneci lungi cu aripi pe umeri, gama de marimi de la 1 an la 10 ani.","robots":{"index":"index","follow":"follow","max-snippet":"max-snippet:-1","max-image-preview":"max-image-preview:large","max-video-preview":"max-video-preview:-1"},"canonical":"https:\/\/carel.md\/ro\/produs\/bluza-s-iubkoi\/","og_locale":"ro_RO","og_type":"article","og_title":"Set 2 piese - Carel","og_description":"Un set elegant format dintr-o bluz\u0103 \u0219i o fust\u0103 plin\u0103 din tul. Bluza cu maneci lungi cu aripi pe umeri, gama de marimi de la 1 an la 10 ani.","og_url":"https:\/\/carel.md\/ro\/produs\/bluza-s-iubkoi\/","og_site_name":"Carel","article_modified_time":"2024-12-09T14:23:18+00:00","og_image":[{"width":1200,"height":1200,"url":"https:\/\/carel.md\/wp-content\/uploads\/2024\/12\/69-3.jpg","type":"image\/jpeg"}],"twitter_card":"summary_large_image","twitter_misc":{"Timp estimat pentru citire":"1 minut"},"schema":{"@context":"https:\/\/schema.org","@graph":[{"@type":"WebPage","@id":"https:\/\/carel.md\/ro\/produs\/bluza-s-iubkoi\/","url":"https:\/\/carel.md\/ro\/produs\/bluza-s-iubkoi\/","name":"Set 2 piese - Carel","isPartOf":{"@id":"https:\/\/carel.md\/ro\/#website"},"primaryImageOfPage":{"@id":"https:\/\/carel.md\/ro\/produs\/bluza-s-iubkoi\/#primaryimage"},"image":{"@id":"https:\/\/carel.md\/ro\/produs\/bluza-s-iubkoi\/#primaryimage"},"thumbnailUrl":"https:\/\/carel.md\/wp-content\/uploads\/2024\/12\/69-3.jpg","datePublished":"2024-12-09T14:20:55+00:00","dateModified":"2024-12-09T14:23:18+00:00","description":"Un set elegant format dintr-o bluz\u0103 \u0219i o fust\u0103 plin\u0103 din tul. Bluza cu maneci lungi cu aripi pe umeri, gama de marimi de la 1 an la 10 ani.","breadcrumb":{"@id":"https:\/\/carel.md\/ro\/produs\/bluza-s-iubkoi\/#breadcrumb"},"inLanguage":"ro-RO","potentialAction":[{"@type":"ReadAction","target":["https:\/\/carel.md\/ro\/produs\/bluza-s-iubkoi\/"]}]},{"@type":"ImageObject","inLanguage":"ro-RO","@id":"https:\/\/carel.md\/ro\/produs\/bluza-s-iubkoi\/#primaryimage","url":"https:\/\/carel.md\/wp-content\/uploads\/2024\/12\/69-3.jpg","contentUrl":"https:\/\/carel.md\/wp-content\/uploads\/2024\/12\/69-3.jpg","width":1200,"height":1200},{"@type":"BreadcrumbList","@id":"https:\/\/carel.md\/ro\/produs\/bluza-s-iubkoi\/#breadcrumb","itemListElement":[{"@type":"ListItem","position":1,"name":"Home","item":"https:\/\/carel.md\/ro\/"},{"@type":"ListItem","position":2,"name":"Magazin","item":"https:\/\/carel.md\/magazin\/"},{"@type":"ListItem","position":3,"name":"Set 2 piese"}]},{"@type":"WebSite","@id":"https:\/\/carel.md\/ro\/#website","url":"https:\/\/carel.md\/ro\/","name":"Carel","description":"\u041c\u0430\u0433\u0430\u0437\u0438\u043d \u0434\u0435\u0442\u0441\u043a\u043e\u0439 \u043e\u0434\u0435\u0436\u0434\u044b, \u0438\u0437\u0433\u043e\u0442\u043e\u0432\u043b\u0435\u043d\u043d\u043e\u0439 \u0438\u0437 \u043d\u0430\u0442\u0443\u0440\u0430\u043b\u044c\u043d\u044b\u0445 \u0442\u043a\u0430\u043d\u0435\u0439.","publisher":{"@id":"https:\/\/carel.md\/ro\/#organization"},"potentialAction":[{"@type":"SearchAction","target":{"@type":"EntryPoint","urlTemplate":"https:\/\/carel.md\/ro\/?s={search_term_string}"},"query-input":{"@type":"PropertyValueSpecification","valueRequired":true,"valueName":"search_term_string"}}],"inLanguage":"ro-RO"},{"@type":"Organization","@id":"https:\/\/carel.md\/ro\/#organization","name":"Carel","url":"https:\/\/carel.md\/ro\/","logo":{"@type":"ImageObject","inLanguage":"ro-RO","@id":"https:\/\/carel.md\/ro\/#\/schema\/logo\/image\/","url":"https:\/\/carel.md\/wp-content\/uploads\/2021\/11\/Asset-22.svg","contentUrl":"https:\/\/carel.md\/wp-content\/uploads\/2021\/11\/Asset-22.svg","width":"1024","height":"1024","caption":"Carel"},"image":{"@id":"https:\/\/carel.md\/ro\/#\/schema\/logo\/image\/"}}]}},"_links":{"self":[{"href":"https:\/\/carel.md\/ro\/wp-json\/wp\/v2\/product\/13269","targetHints":{"allow":["GET"]}}],"collection":[{"href":"https:\/\/carel.md\/ro\/wp-json\/wp\/v2\/product"}],"about":[{"href":"https:\/\/carel.md\/ro\/wp-json\/wp\/v2\/types\/product"}],"replies":[{"embeddable":true,"href":"https:\/\/carel.md\/ro\/wp-json\/wp\/v2\/comments?post=13269"}],"wp:featuredmedia":[{"embeddable":true,"href":"https:\/\/carel.md\/ro\/wp-json\/wp\/v2\/media\/13263"}],"wp:attachment":[{"href":"https:\/\/carel.md\/ro\/wp-json\/wp\/v2\/media?parent=13269"}],"wp:term":[{"taxonomy":"product_brand","embeddable":true,"href":"https:\/\/carel.md\/ro\/wp-json\/wp\/v2\/product_brand?post=13269"},{"taxonomy":"product_cat","embeddable":true,"href":"https:\/\/carel.md\/ro\/wp-json\/wp\/v2\/product_cat?post=13269"},{"taxonomy":"product_tag","embeddable":true,"href":"https:\/\/carel.md\/ro\/wp-json\/wp\/v2\/product_tag?post=13269"}],"curies":[{"name":"wp","href":"https:\/\/api.w.org\/{rel}","templated":true}]}}