{"id":13191,"date":"2024-11-27T13:11:10","date_gmt":"2024-11-27T11:11:10","guid":{"rendered":"https:\/\/carel.md\/product\/futbolka-s-losinami-3\/"},"modified":"2024-11-27T13:14:05","modified_gmt":"2024-11-27T11:14:05","slug":"futbolka-s-losinami-3","status":"publish","type":"product","link":"https:\/\/carel.md\/ro\/produs\/futbolka-s-losinami-3\/","title":{"rendered":"Set 2 piese"},"content":{"rendered":"<p>Un set confortabil, practic, de tricou \u0219i jambiere, este perfect pentru purtarea zilnic\u0103 la gr\u0103dini\u021b\u0103, la lec\u021biile de educa\u021bie fizic\u0103 la \u0219coal\u0103 \u0219i ca \u021binut\u0103 acas\u0103. Tricoul cu m\u00e2nec\u0103 lung\u0103 este confec\u021bionat din cea mai fin\u0103 \u021bes\u0103tur\u0103 cu nervuri, moale \u0219i confortabil. Tricoul nu restric\u021bioneaz\u0103 mi\u0219carea \u00een timpul jocurilor active \u0219i permite pielii s\u0103 respire. Absen\u021ba nasturii \u0219i a fermoarelor va permite copilului s\u0103 se \u00eembrace cu u\u0219urin\u021b\u0103 independent<\/p>\n","protected":false},"excerpt":{"rendered":"<p>Un set confortabil, practic, de tricou \u0219i jambiere, este perfect pentru purtarea zilnic\u0103 la gr\u0103dini\u021b\u0103, la lec\u021biile de educa\u021bie fizic\u0103<\/p>\n","protected":false},"featured_media":13174,"comment_status":"open","ping_status":"closed","template":"","meta":{"inline_featured_image":false},"product_brand":[],"product_cat":[187,145],"product_tag":[],"class_list":{"0":"post-13191","1":"product","2":"type-product","3":"status-publish","4":"has-post-thumbnail","6":"product_cat-costume-ro","7":"product_cat-fete","9":"first","10":"instock","11":"sale","12":"shipping-taxable","13":"purchasable","14":"product-type-variable"},"yoast_head":"<!-- This site is optimized with the Yoast SEO plugin v27.2 - https:\/\/yoast.com\/product\/yoast-seo-wordpress\/ -->\n<title>Set 2 piese - Carel<\/title>\n<meta name=\"description\" content=\"Set pentru fete, format dintr-un tricou si jambiere, in doua culori, gama de marimi de la 1 an la 10 ani. Potrivit pentru plimb\u0103ri \u0219i gr\u0103dini\u021b\u0103.\" \/>\n<meta name=\"robots\" content=\"index, follow, max-snippet:-1, max-image-preview:large, max-video-preview:-1\" \/>\n<link rel=\"canonical\" href=\"https:\/\/carel.md\/ro\/produs\/futbolka-s-losinami-3\/\" \/>\n<meta property=\"og:locale\" content=\"ro_RO\" \/>\n<meta property=\"og:type\" content=\"article\" \/>\n<meta property=\"og:title\" content=\"Set 2 piese - Carel\" \/>\n<meta property=\"og:description\" content=\"Set pentru fete, format dintr-un tricou si jambiere, in doua culori, gama de marimi de la 1 an la 10 ani. Potrivit pentru plimb\u0103ri \u0219i gr\u0103dini\u021b\u0103.\" \/>\n<meta property=\"og:url\" content=\"https:\/\/carel.md\/ro\/produs\/futbolka-s-losinami-3\/\" \/>\n<meta property=\"og:site_name\" content=\"Carel\" \/>\n<meta property=\"article:modified_time\" content=\"2024-11-27T11:14:05+00:00\" \/>\n<meta property=\"og:image\" content=\"https:\/\/carel.md\/wp-content\/uploads\/2024\/11\/56-2.jpg\" \/>\n\t<meta property=\"og:image:width\" content=\"1200\" \/>\n\t<meta property=\"og:image:height\" content=\"1200\" \/>\n\t<meta property=\"og:image:type\" content=\"image\/jpeg\" \/>\n<meta name=\"twitter:card\" content=\"summary_large_image\" \/>\n<meta name=\"twitter:label1\" content=\"Timp estimat pentru citire\" \/>\n\t<meta name=\"twitter:data1\" content=\"1 minut\" \/>\n<script type=\"application\/ld+json\" class=\"yoast-schema-graph\">{\"@context\":\"https:\/\/schema.org\",\"@graph\":[{\"@type\":\"WebPage\",\"@id\":\"https:\/\/carel.md\/ro\/produs\/futbolka-s-losinami-3\/\",\"url\":\"https:\/\/carel.md\/ro\/produs\/futbolka-s-losinami-3\/\",\"name\":\"Set 2 piese - Carel\",\"isPartOf\":{\"@id\":\"https:\/\/carel.md\/ro\/#website\"},\"primaryImageOfPage\":{\"@id\":\"https:\/\/carel.md\/ro\/produs\/futbolka-s-losinami-3\/#primaryimage\"},\"image\":{\"@id\":\"https:\/\/carel.md\/ro\/produs\/futbolka-s-losinami-3\/#primaryimage\"},\"thumbnailUrl\":\"https:\/\/carel.md\/wp-content\/uploads\/2024\/11\/56-2.jpg\",\"datePublished\":\"2024-11-27T11:11:10+00:00\",\"dateModified\":\"2024-11-27T11:14:05+00:00\",\"description\":\"Set pentru fete, format dintr-un tricou si jambiere, in doua culori, gama de marimi de la 1 an la 10 ani. Potrivit pentru plimb\u0103ri \u0219i gr\u0103dini\u021b\u0103.\",\"breadcrumb\":{\"@id\":\"https:\/\/carel.md\/ro\/produs\/futbolka-s-losinami-3\/#breadcrumb\"},\"inLanguage\":\"ro-RO\",\"potentialAction\":[{\"@type\":\"ReadAction\",\"target\":[\"https:\/\/carel.md\/ro\/produs\/futbolka-s-losinami-3\/\"]}]},{\"@type\":\"ImageObject\",\"inLanguage\":\"ro-RO\",\"@id\":\"https:\/\/carel.md\/ro\/produs\/futbolka-s-losinami-3\/#primaryimage\",\"url\":\"https:\/\/carel.md\/wp-content\/uploads\/2024\/11\/56-2.jpg\",\"contentUrl\":\"https:\/\/carel.md\/wp-content\/uploads\/2024\/11\/56-2.jpg\",\"width\":1200,\"height\":1200},{\"@type\":\"BreadcrumbList\",\"@id\":\"https:\/\/carel.md\/ro\/produs\/futbolka-s-losinami-3\/#breadcrumb\",\"itemListElement\":[{\"@type\":\"ListItem\",\"position\":1,\"name\":\"Home\",\"item\":\"https:\/\/carel.md\/ro\/\"},{\"@type\":\"ListItem\",\"position\":2,\"name\":\"Magazin\",\"item\":\"https:\/\/carel.md\/magazin\/\"},{\"@type\":\"ListItem\",\"position\":3,\"name\":\"Set 2 piese\"}]},{\"@type\":\"WebSite\",\"@id\":\"https:\/\/carel.md\/ro\/#website\",\"url\":\"https:\/\/carel.md\/ro\/\",\"name\":\"Carel\",\"description\":\"\u041c\u0430\u0433\u0430\u0437\u0438\u043d \u0434\u0435\u0442\u0441\u043a\u043e\u0439 \u043e\u0434\u0435\u0436\u0434\u044b, \u0438\u0437\u0433\u043e\u0442\u043e\u0432\u043b\u0435\u043d\u043d\u043e\u0439 \u0438\u0437 \u043d\u0430\u0442\u0443\u0440\u0430\u043b\u044c\u043d\u044b\u0445 \u0442\u043a\u0430\u043d\u0435\u0439.\",\"publisher\":{\"@id\":\"https:\/\/carel.md\/ro\/#organization\"},\"potentialAction\":[{\"@type\":\"SearchAction\",\"target\":{\"@type\":\"EntryPoint\",\"urlTemplate\":\"https:\/\/carel.md\/ro\/?s={search_term_string}\"},\"query-input\":{\"@type\":\"PropertyValueSpecification\",\"valueRequired\":true,\"valueName\":\"search_term_string\"}}],\"inLanguage\":\"ro-RO\"},{\"@type\":\"Organization\",\"@id\":\"https:\/\/carel.md\/ro\/#organization\",\"name\":\"Carel\",\"url\":\"https:\/\/carel.md\/ro\/\",\"logo\":{\"@type\":\"ImageObject\",\"inLanguage\":\"ro-RO\",\"@id\":\"https:\/\/carel.md\/ro\/#\/schema\/logo\/image\/\",\"url\":\"https:\/\/carel.md\/wp-content\/uploads\/2021\/11\/Asset-22.svg\",\"contentUrl\":\"https:\/\/carel.md\/wp-content\/uploads\/2021\/11\/Asset-22.svg\",\"width\":\"1024\",\"height\":\"1024\",\"caption\":\"Carel\"},\"image\":{\"@id\":\"https:\/\/carel.md\/ro\/#\/schema\/logo\/image\/\"}}]}<\/script>\n<!-- \/ Yoast SEO plugin. -->","yoast_head_json":{"title":"Set 2 piese - Carel","description":"Set pentru fete, format dintr-un tricou si jambiere, in doua culori, gama de marimi de la 1 an la 10 ani. Potrivit pentru plimb\u0103ri \u0219i gr\u0103dini\u021b\u0103.","robots":{"index":"index","follow":"follow","max-snippet":"max-snippet:-1","max-image-preview":"max-image-preview:large","max-video-preview":"max-video-preview:-1"},"canonical":"https:\/\/carel.md\/ro\/produs\/futbolka-s-losinami-3\/","og_locale":"ro_RO","og_type":"article","og_title":"Set 2 piese - Carel","og_description":"Set pentru fete, format dintr-un tricou si jambiere, in doua culori, gama de marimi de la 1 an la 10 ani. Potrivit pentru plimb\u0103ri \u0219i gr\u0103dini\u021b\u0103.","og_url":"https:\/\/carel.md\/ro\/produs\/futbolka-s-losinami-3\/","og_site_name":"Carel","article_modified_time":"2024-11-27T11:14:05+00:00","og_image":[{"width":1200,"height":1200,"url":"https:\/\/carel.md\/wp-content\/uploads\/2024\/11\/56-2.jpg","type":"image\/jpeg"}],"twitter_card":"summary_large_image","twitter_misc":{"Timp estimat pentru citire":"1 minut"},"schema":{"@context":"https:\/\/schema.org","@graph":[{"@type":"WebPage","@id":"https:\/\/carel.md\/ro\/produs\/futbolka-s-losinami-3\/","url":"https:\/\/carel.md\/ro\/produs\/futbolka-s-losinami-3\/","name":"Set 2 piese - Carel","isPartOf":{"@id":"https:\/\/carel.md\/ro\/#website"},"primaryImageOfPage":{"@id":"https:\/\/carel.md\/ro\/produs\/futbolka-s-losinami-3\/#primaryimage"},"image":{"@id":"https:\/\/carel.md\/ro\/produs\/futbolka-s-losinami-3\/#primaryimage"},"thumbnailUrl":"https:\/\/carel.md\/wp-content\/uploads\/2024\/11\/56-2.jpg","datePublished":"2024-11-27T11:11:10+00:00","dateModified":"2024-11-27T11:14:05+00:00","description":"Set pentru fete, format dintr-un tricou si jambiere, in doua culori, gama de marimi de la 1 an la 10 ani. Potrivit pentru plimb\u0103ri \u0219i gr\u0103dini\u021b\u0103.","breadcrumb":{"@id":"https:\/\/carel.md\/ro\/produs\/futbolka-s-losinami-3\/#breadcrumb"},"inLanguage":"ro-RO","potentialAction":[{"@type":"ReadAction","target":["https:\/\/carel.md\/ro\/produs\/futbolka-s-losinami-3\/"]}]},{"@type":"ImageObject","inLanguage":"ro-RO","@id":"https:\/\/carel.md\/ro\/produs\/futbolka-s-losinami-3\/#primaryimage","url":"https:\/\/carel.md\/wp-content\/uploads\/2024\/11\/56-2.jpg","contentUrl":"https:\/\/carel.md\/wp-content\/uploads\/2024\/11\/56-2.jpg","width":1200,"height":1200},{"@type":"BreadcrumbList","@id":"https:\/\/carel.md\/ro\/produs\/futbolka-s-losinami-3\/#breadcrumb","itemListElement":[{"@type":"ListItem","position":1,"name":"Home","item":"https:\/\/carel.md\/ro\/"},{"@type":"ListItem","position":2,"name":"Magazin","item":"https:\/\/carel.md\/magazin\/"},{"@type":"ListItem","position":3,"name":"Set 2 piese"}]},{"@type":"WebSite","@id":"https:\/\/carel.md\/ro\/#website","url":"https:\/\/carel.md\/ro\/","name":"Carel","description":"\u041c\u0430\u0433\u0430\u0437\u0438\u043d \u0434\u0435\u0442\u0441\u043a\u043e\u0439 \u043e\u0434\u0435\u0436\u0434\u044b, \u0438\u0437\u0433\u043e\u0442\u043e\u0432\u043b\u0435\u043d\u043d\u043e\u0439 \u0438\u0437 \u043d\u0430\u0442\u0443\u0440\u0430\u043b\u044c\u043d\u044b\u0445 \u0442\u043a\u0430\u043d\u0435\u0439.","publisher":{"@id":"https:\/\/carel.md\/ro\/#organization"},"potentialAction":[{"@type":"SearchAction","target":{"@type":"EntryPoint","urlTemplate":"https:\/\/carel.md\/ro\/?s={search_term_string}"},"query-input":{"@type":"PropertyValueSpecification","valueRequired":true,"valueName":"search_term_string"}}],"inLanguage":"ro-RO"},{"@type":"Organization","@id":"https:\/\/carel.md\/ro\/#organization","name":"Carel","url":"https:\/\/carel.md\/ro\/","logo":{"@type":"ImageObject","inLanguage":"ro-RO","@id":"https:\/\/carel.md\/ro\/#\/schema\/logo\/image\/","url":"https:\/\/carel.md\/wp-content\/uploads\/2021\/11\/Asset-22.svg","contentUrl":"https:\/\/carel.md\/wp-content\/uploads\/2021\/11\/Asset-22.svg","width":"1024","height":"1024","caption":"Carel"},"image":{"@id":"https:\/\/carel.md\/ro\/#\/schema\/logo\/image\/"}}]}},"_links":{"self":[{"href":"https:\/\/carel.md\/ro\/wp-json\/wp\/v2\/product\/13191","targetHints":{"allow":["GET"]}}],"collection":[{"href":"https:\/\/carel.md\/ro\/wp-json\/wp\/v2\/product"}],"about":[{"href":"https:\/\/carel.md\/ro\/wp-json\/wp\/v2\/types\/product"}],"replies":[{"embeddable":true,"href":"https:\/\/carel.md\/ro\/wp-json\/wp\/v2\/comments?post=13191"}],"wp:featuredmedia":[{"embeddable":true,"href":"https:\/\/carel.md\/ro\/wp-json\/wp\/v2\/media\/13174"}],"wp:attachment":[{"href":"https:\/\/carel.md\/ro\/wp-json\/wp\/v2\/media?parent=13191"}],"wp:term":[{"taxonomy":"product_brand","embeddable":true,"href":"https:\/\/carel.md\/ro\/wp-json\/wp\/v2\/product_brand?post=13191"},{"taxonomy":"product_cat","embeddable":true,"href":"https:\/\/carel.md\/ro\/wp-json\/wp\/v2\/product_cat?post=13191"},{"taxonomy":"product_tag","embeddable":true,"href":"https:\/\/carel.md\/ro\/wp-json\/wp\/v2\/product_tag?post=13191"}],"curies":[{"name":"wp","href":"https:\/\/api.w.org\/{rel}","templated":true}]}}