{"id":13083,"date":"2024-11-18T09:40:01","date_gmt":"2024-11-18T07:40:01","guid":{"rendered":"https:\/\/carel.md\/product\/muslinovoe-odeialo\/"},"modified":"2024-11-18T09:42:03","modified_gmt":"2024-11-18T07:42:03","slug":"muslinovoe-odeialo","status":"publish","type":"product","link":"https:\/\/carel.md\/ro\/produs\/muslinovoe-odeialo\/","title":{"rendered":"Paturica"},"content":{"rendered":"","protected":false},"excerpt":{"rendered":"<p>P\u0103tur\u0103 pentru copii 100% bumbac. P\u0103tura este u\u0219oar\u0103 \u0219i foarte cald\u0103. Dimensiune 110*90cm Alege\u021bi \u00eenf\u0103\u0219\u0103ri de muselin\u0103 pentru a completa scutec\u00a0 pentru bebelu\u0219.<\/p>\n","protected":false},"featured_media":13031,"comment_status":"open","ping_status":"closed","template":"","meta":{"inline_featured_image":false},"product_brand":[],"product_cat":[238,280],"product_tag":[],"class_list":{"0":"post-13083","1":"product","2":"type-product","3":"status-publish","4":"has-post-thumbnail","6":"product_cat-paturi-ro","7":"product_cat-paturi","9":"first","10":"instock","11":"shipping-taxable","12":"purchasable","13":"product-type-variable"},"yoast_head":"<!-- This site is optimized with the Yoast SEO plugin v27.2 - https:\/\/yoast.com\/product\/yoast-seo-wordpress\/ -->\n<title>Paturica - Carel<\/title>\n<meta name=\"description\" content=\"\u0414\u0435\u0442\u0441\u043a\u043e\u0435 \u043e\u0434\u0435\u044f\u043b\u043e \u0438\u0437 100% \u0445\u043b\u043e\u043f\u043a\u0430. \u041b\u0435\u0433\u043a\u043e\u0435 \u043e\u0434\u0435\u044f\u043b\u043e \u0438 \u043f\u0440\u0438 \u044d\u0442\u043e\u043c \u043e\u0447\u0435\u043d\u044c \u0442\u0435\u043f\u043b\u043e\u0435. \u0420\u0430\u0437\u043c\u0435\u0440 110*90\u0441\u043c.\u041f\u043e\u0434\u0431\u0435\u0440\u0438\u0442\u0435 \u0432 \u043a\u043e\u043c\u043f\u043b\u0435\u043a\u0442 \u043a \u0434\u0435\u0442\u0441\u043a\u043e\u043c\u0443 \u043e\u0434\u0435\u044f\u043b\u0443 \u043c\u0443\u0441\u043b\u0438\u043d\u043e\u0432\u044b\u0435 \u043f\u0435\u043b\u0435\u043d\u043a\u0438.\" \/>\n<meta name=\"robots\" content=\"index, follow, max-snippet:-1, max-image-preview:large, max-video-preview:-1\" \/>\n<link rel=\"canonical\" href=\"https:\/\/carel.md\/ro\/produs\/muslinovoe-odeialo\/\" \/>\n<meta property=\"og:locale\" content=\"ro_RO\" \/>\n<meta property=\"og:type\" content=\"article\" \/>\n<meta property=\"og:title\" content=\"Paturica - Carel\" \/>\n<meta property=\"og:description\" content=\"\u0414\u0435\u0442\u0441\u043a\u043e\u0435 \u043e\u0434\u0435\u044f\u043b\u043e \u0438\u0437 100% \u0445\u043b\u043e\u043f\u043a\u0430. \u041b\u0435\u0433\u043a\u043e\u0435 \u043e\u0434\u0435\u044f\u043b\u043e \u0438 \u043f\u0440\u0438 \u044d\u0442\u043e\u043c \u043e\u0447\u0435\u043d\u044c \u0442\u0435\u043f\u043b\u043e\u0435. \u0420\u0430\u0437\u043c\u0435\u0440 110*90\u0441\u043c.\u041f\u043e\u0434\u0431\u0435\u0440\u0438\u0442\u0435 \u0432 \u043a\u043e\u043c\u043f\u043b\u0435\u043a\u0442 \u043a \u0434\u0435\u0442\u0441\u043a\u043e\u043c\u0443 \u043e\u0434\u0435\u044f\u043b\u0443 \u043c\u0443\u0441\u043b\u0438\u043d\u043e\u0432\u044b\u0435 \u043f\u0435\u043b\u0435\u043d\u043a\u0438.\" \/>\n<meta property=\"og:url\" content=\"https:\/\/carel.md\/ro\/produs\/muslinovoe-odeialo\/\" \/>\n<meta property=\"og:site_name\" content=\"Carel\" \/>\n<meta property=\"article:modified_time\" content=\"2024-11-18T07:42:03+00:00\" \/>\n<meta property=\"og:image\" content=\"https:\/\/carel.md\/wp-content\/uploads\/2024\/11\/muslin-60.jpg\" \/>\n\t<meta property=\"og:image:width\" content=\"1200\" \/>\n\t<meta property=\"og:image:height\" content=\"1200\" \/>\n\t<meta property=\"og:image:type\" content=\"image\/jpeg\" \/>\n<meta name=\"twitter:card\" content=\"summary_large_image\" \/>\n<meta name=\"twitter:label1\" content=\"Timp estimat pentru citire\" \/>\n\t<meta name=\"twitter:data1\" content=\"1 minut\" \/>\n<script type=\"application\/ld+json\" class=\"yoast-schema-graph\">{\"@context\":\"https:\/\/schema.org\",\"@graph\":[{\"@type\":\"WebPage\",\"@id\":\"https:\/\/carel.md\/ro\/produs\/muslinovoe-odeialo\/\",\"url\":\"https:\/\/carel.md\/ro\/produs\/muslinovoe-odeialo\/\",\"name\":\"Paturica - Carel\",\"isPartOf\":{\"@id\":\"https:\/\/carel.md\/ro\/#website\"},\"primaryImageOfPage\":{\"@id\":\"https:\/\/carel.md\/ro\/produs\/muslinovoe-odeialo\/#primaryimage\"},\"image\":{\"@id\":\"https:\/\/carel.md\/ro\/produs\/muslinovoe-odeialo\/#primaryimage\"},\"thumbnailUrl\":\"https:\/\/carel.md\/wp-content\/uploads\/2024\/11\/muslin-60.jpg\",\"datePublished\":\"2024-11-18T07:40:01+00:00\",\"dateModified\":\"2024-11-18T07:42:03+00:00\",\"description\":\"\u0414\u0435\u0442\u0441\u043a\u043e\u0435 \u043e\u0434\u0435\u044f\u043b\u043e \u0438\u0437 100% \u0445\u043b\u043e\u043f\u043a\u0430. \u041b\u0435\u0433\u043a\u043e\u0435 \u043e\u0434\u0435\u044f\u043b\u043e \u0438 \u043f\u0440\u0438 \u044d\u0442\u043e\u043c \u043e\u0447\u0435\u043d\u044c \u0442\u0435\u043f\u043b\u043e\u0435. \u0420\u0430\u0437\u043c\u0435\u0440 110*90\u0441\u043c.\u041f\u043e\u0434\u0431\u0435\u0440\u0438\u0442\u0435 \u0432 \u043a\u043e\u043c\u043f\u043b\u0435\u043a\u0442 \u043a \u0434\u0435\u0442\u0441\u043a\u043e\u043c\u0443 \u043e\u0434\u0435\u044f\u043b\u0443 \u043c\u0443\u0441\u043b\u0438\u043d\u043e\u0432\u044b\u0435 \u043f\u0435\u043b\u0435\u043d\u043a\u0438.\",\"breadcrumb\":{\"@id\":\"https:\/\/carel.md\/ro\/produs\/muslinovoe-odeialo\/#breadcrumb\"},\"inLanguage\":\"ro-RO\",\"potentialAction\":[{\"@type\":\"ReadAction\",\"target\":[\"https:\/\/carel.md\/ro\/produs\/muslinovoe-odeialo\/\"]}]},{\"@type\":\"ImageObject\",\"inLanguage\":\"ro-RO\",\"@id\":\"https:\/\/carel.md\/ro\/produs\/muslinovoe-odeialo\/#primaryimage\",\"url\":\"https:\/\/carel.md\/wp-content\/uploads\/2024\/11\/muslin-60.jpg\",\"contentUrl\":\"https:\/\/carel.md\/wp-content\/uploads\/2024\/11\/muslin-60.jpg\",\"width\":1200,\"height\":1200},{\"@type\":\"BreadcrumbList\",\"@id\":\"https:\/\/carel.md\/ro\/produs\/muslinovoe-odeialo\/#breadcrumb\",\"itemListElement\":[{\"@type\":\"ListItem\",\"position\":1,\"name\":\"Home\",\"item\":\"https:\/\/carel.md\/ro\/\"},{\"@type\":\"ListItem\",\"position\":2,\"name\":\"Magazin\",\"item\":\"https:\/\/carel.md\/magazin\/\"},{\"@type\":\"ListItem\",\"position\":3,\"name\":\"Paturica\"}]},{\"@type\":\"WebSite\",\"@id\":\"https:\/\/carel.md\/ro\/#website\",\"url\":\"https:\/\/carel.md\/ro\/\",\"name\":\"Carel\",\"description\":\"\u041c\u0430\u0433\u0430\u0437\u0438\u043d \u0434\u0435\u0442\u0441\u043a\u043e\u0439 \u043e\u0434\u0435\u0436\u0434\u044b, \u0438\u0437\u0433\u043e\u0442\u043e\u0432\u043b\u0435\u043d\u043d\u043e\u0439 \u0438\u0437 \u043d\u0430\u0442\u0443\u0440\u0430\u043b\u044c\u043d\u044b\u0445 \u0442\u043a\u0430\u043d\u0435\u0439.\",\"publisher\":{\"@id\":\"https:\/\/carel.md\/ro\/#organization\"},\"potentialAction\":[{\"@type\":\"SearchAction\",\"target\":{\"@type\":\"EntryPoint\",\"urlTemplate\":\"https:\/\/carel.md\/ro\/?s={search_term_string}\"},\"query-input\":{\"@type\":\"PropertyValueSpecification\",\"valueRequired\":true,\"valueName\":\"search_term_string\"}}],\"inLanguage\":\"ro-RO\"},{\"@type\":\"Organization\",\"@id\":\"https:\/\/carel.md\/ro\/#organization\",\"name\":\"Carel\",\"url\":\"https:\/\/carel.md\/ro\/\",\"logo\":{\"@type\":\"ImageObject\",\"inLanguage\":\"ro-RO\",\"@id\":\"https:\/\/carel.md\/ro\/#\/schema\/logo\/image\/\",\"url\":\"https:\/\/carel.md\/wp-content\/uploads\/2021\/11\/Asset-22.svg\",\"contentUrl\":\"https:\/\/carel.md\/wp-content\/uploads\/2021\/11\/Asset-22.svg\",\"width\":\"1024\",\"height\":\"1024\",\"caption\":\"Carel\"},\"image\":{\"@id\":\"https:\/\/carel.md\/ro\/#\/schema\/logo\/image\/\"}}]}<\/script>\n<!-- \/ Yoast SEO plugin. -->","yoast_head_json":{"title":"Paturica - Carel","description":"\u0414\u0435\u0442\u0441\u043a\u043e\u0435 \u043e\u0434\u0435\u044f\u043b\u043e \u0438\u0437 100% \u0445\u043b\u043e\u043f\u043a\u0430. \u041b\u0435\u0433\u043a\u043e\u0435 \u043e\u0434\u0435\u044f\u043b\u043e \u0438 \u043f\u0440\u0438 \u044d\u0442\u043e\u043c \u043e\u0447\u0435\u043d\u044c \u0442\u0435\u043f\u043b\u043e\u0435. \u0420\u0430\u0437\u043c\u0435\u0440 110*90\u0441\u043c.\u041f\u043e\u0434\u0431\u0435\u0440\u0438\u0442\u0435 \u0432 \u043a\u043e\u043c\u043f\u043b\u0435\u043a\u0442 \u043a \u0434\u0435\u0442\u0441\u043a\u043e\u043c\u0443 \u043e\u0434\u0435\u044f\u043b\u0443 \u043c\u0443\u0441\u043b\u0438\u043d\u043e\u0432\u044b\u0435 \u043f\u0435\u043b\u0435\u043d\u043a\u0438.","robots":{"index":"index","follow":"follow","max-snippet":"max-snippet:-1","max-image-preview":"max-image-preview:large","max-video-preview":"max-video-preview:-1"},"canonical":"https:\/\/carel.md\/ro\/produs\/muslinovoe-odeialo\/","og_locale":"ro_RO","og_type":"article","og_title":"Paturica - Carel","og_description":"\u0414\u0435\u0442\u0441\u043a\u043e\u0435 \u043e\u0434\u0435\u044f\u043b\u043e \u0438\u0437 100% \u0445\u043b\u043e\u043f\u043a\u0430. \u041b\u0435\u0433\u043a\u043e\u0435 \u043e\u0434\u0435\u044f\u043b\u043e \u0438 \u043f\u0440\u0438 \u044d\u0442\u043e\u043c \u043e\u0447\u0435\u043d\u044c \u0442\u0435\u043f\u043b\u043e\u0435. \u0420\u0430\u0437\u043c\u0435\u0440 110*90\u0441\u043c.\u041f\u043e\u0434\u0431\u0435\u0440\u0438\u0442\u0435 \u0432 \u043a\u043e\u043c\u043f\u043b\u0435\u043a\u0442 \u043a \u0434\u0435\u0442\u0441\u043a\u043e\u043c\u0443 \u043e\u0434\u0435\u044f\u043b\u0443 \u043c\u0443\u0441\u043b\u0438\u043d\u043e\u0432\u044b\u0435 \u043f\u0435\u043b\u0435\u043d\u043a\u0438.","og_url":"https:\/\/carel.md\/ro\/produs\/muslinovoe-odeialo\/","og_site_name":"Carel","article_modified_time":"2024-11-18T07:42:03+00:00","og_image":[{"width":1200,"height":1200,"url":"https:\/\/carel.md\/wp-content\/uploads\/2024\/11\/muslin-60.jpg","type":"image\/jpeg"}],"twitter_card":"summary_large_image","twitter_misc":{"Timp estimat pentru citire":"1 minut"},"schema":{"@context":"https:\/\/schema.org","@graph":[{"@type":"WebPage","@id":"https:\/\/carel.md\/ro\/produs\/muslinovoe-odeialo\/","url":"https:\/\/carel.md\/ro\/produs\/muslinovoe-odeialo\/","name":"Paturica - Carel","isPartOf":{"@id":"https:\/\/carel.md\/ro\/#website"},"primaryImageOfPage":{"@id":"https:\/\/carel.md\/ro\/produs\/muslinovoe-odeialo\/#primaryimage"},"image":{"@id":"https:\/\/carel.md\/ro\/produs\/muslinovoe-odeialo\/#primaryimage"},"thumbnailUrl":"https:\/\/carel.md\/wp-content\/uploads\/2024\/11\/muslin-60.jpg","datePublished":"2024-11-18T07:40:01+00:00","dateModified":"2024-11-18T07:42:03+00:00","description":"\u0414\u0435\u0442\u0441\u043a\u043e\u0435 \u043e\u0434\u0435\u044f\u043b\u043e \u0438\u0437 100% \u0445\u043b\u043e\u043f\u043a\u0430. \u041b\u0435\u0433\u043a\u043e\u0435 \u043e\u0434\u0435\u044f\u043b\u043e \u0438 \u043f\u0440\u0438 \u044d\u0442\u043e\u043c \u043e\u0447\u0435\u043d\u044c \u0442\u0435\u043f\u043b\u043e\u0435. \u0420\u0430\u0437\u043c\u0435\u0440 110*90\u0441\u043c.\u041f\u043e\u0434\u0431\u0435\u0440\u0438\u0442\u0435 \u0432 \u043a\u043e\u043c\u043f\u043b\u0435\u043a\u0442 \u043a \u0434\u0435\u0442\u0441\u043a\u043e\u043c\u0443 \u043e\u0434\u0435\u044f\u043b\u0443 \u043c\u0443\u0441\u043b\u0438\u043d\u043e\u0432\u044b\u0435 \u043f\u0435\u043b\u0435\u043d\u043a\u0438.","breadcrumb":{"@id":"https:\/\/carel.md\/ro\/produs\/muslinovoe-odeialo\/#breadcrumb"},"inLanguage":"ro-RO","potentialAction":[{"@type":"ReadAction","target":["https:\/\/carel.md\/ro\/produs\/muslinovoe-odeialo\/"]}]},{"@type":"ImageObject","inLanguage":"ro-RO","@id":"https:\/\/carel.md\/ro\/produs\/muslinovoe-odeialo\/#primaryimage","url":"https:\/\/carel.md\/wp-content\/uploads\/2024\/11\/muslin-60.jpg","contentUrl":"https:\/\/carel.md\/wp-content\/uploads\/2024\/11\/muslin-60.jpg","width":1200,"height":1200},{"@type":"BreadcrumbList","@id":"https:\/\/carel.md\/ro\/produs\/muslinovoe-odeialo\/#breadcrumb","itemListElement":[{"@type":"ListItem","position":1,"name":"Home","item":"https:\/\/carel.md\/ro\/"},{"@type":"ListItem","position":2,"name":"Magazin","item":"https:\/\/carel.md\/magazin\/"},{"@type":"ListItem","position":3,"name":"Paturica"}]},{"@type":"WebSite","@id":"https:\/\/carel.md\/ro\/#website","url":"https:\/\/carel.md\/ro\/","name":"Carel","description":"\u041c\u0430\u0433\u0430\u0437\u0438\u043d \u0434\u0435\u0442\u0441\u043a\u043e\u0439 \u043e\u0434\u0435\u0436\u0434\u044b, \u0438\u0437\u0433\u043e\u0442\u043e\u0432\u043b\u0435\u043d\u043d\u043e\u0439 \u0438\u0437 \u043d\u0430\u0442\u0443\u0440\u0430\u043b\u044c\u043d\u044b\u0445 \u0442\u043a\u0430\u043d\u0435\u0439.","publisher":{"@id":"https:\/\/carel.md\/ro\/#organization"},"potentialAction":[{"@type":"SearchAction","target":{"@type":"EntryPoint","urlTemplate":"https:\/\/carel.md\/ro\/?s={search_term_string}"},"query-input":{"@type":"PropertyValueSpecification","valueRequired":true,"valueName":"search_term_string"}}],"inLanguage":"ro-RO"},{"@type":"Organization","@id":"https:\/\/carel.md\/ro\/#organization","name":"Carel","url":"https:\/\/carel.md\/ro\/","logo":{"@type":"ImageObject","inLanguage":"ro-RO","@id":"https:\/\/carel.md\/ro\/#\/schema\/logo\/image\/","url":"https:\/\/carel.md\/wp-content\/uploads\/2021\/11\/Asset-22.svg","contentUrl":"https:\/\/carel.md\/wp-content\/uploads\/2021\/11\/Asset-22.svg","width":"1024","height":"1024","caption":"Carel"},"image":{"@id":"https:\/\/carel.md\/ro\/#\/schema\/logo\/image\/"}}]}},"_links":{"self":[{"href":"https:\/\/carel.md\/ro\/wp-json\/wp\/v2\/product\/13083","targetHints":{"allow":["GET"]}}],"collection":[{"href":"https:\/\/carel.md\/ro\/wp-json\/wp\/v2\/product"}],"about":[{"href":"https:\/\/carel.md\/ro\/wp-json\/wp\/v2\/types\/product"}],"replies":[{"embeddable":true,"href":"https:\/\/carel.md\/ro\/wp-json\/wp\/v2\/comments?post=13083"}],"wp:featuredmedia":[{"embeddable":true,"href":"https:\/\/carel.md\/ro\/wp-json\/wp\/v2\/media\/13031"}],"wp:attachment":[{"href":"https:\/\/carel.md\/ro\/wp-json\/wp\/v2\/media?parent=13083"}],"wp:term":[{"taxonomy":"product_brand","embeddable":true,"href":"https:\/\/carel.md\/ro\/wp-json\/wp\/v2\/product_brand?post=13083"},{"taxonomy":"product_cat","embeddable":true,"href":"https:\/\/carel.md\/ro\/wp-json\/wp\/v2\/product_cat?post=13083"},{"taxonomy":"product_tag","embeddable":true,"href":"https:\/\/carel.md\/ro\/wp-json\/wp\/v2\/product_tag?post=13083"}],"curies":[{"name":"wp","href":"https:\/\/api.w.org\/{rel}","templated":true}]}}